{"id":2319,"date":"2021-03-16T12:46:59","date_gmt":"2021-03-16T11:46:59","guid":{"rendered":"https:\/\/www.iglou.cz\/faq\/"},"modified":"2023-12-06T18:35:33","modified_gmt":"2023-12-06T17:35:33","slug":"faq","status":"publish","type":"page","link":"https:\/\/www.iglou.world\/pl\/faq\/","title":{"rendered":"FAQ"},"content":{"rendered":"<p><a href=\"https:\/\/www.iglou.cz\/pl\/\" role=\"button\"><br \/>\n\t\t\t\t\t\twstecz<br \/>\n\t\t\t\t\t<\/a><\/p>\n<h1>FAQ<\/h1>\n<h2>P: Jak mog\u0119 zdoby\u0107 Iglou?<\/h2>\n<p>O: Sprzedajemy Iglou tylko organizacjom charytatywnym i radom miejskim, kt\u00f3re nast\u0119pnie wypo\u017cyczaj\u0105 go na okres zimowy osobom bezdomnym, kt\u00f3re z r\u00f3\u017cnych powod\u00f3w nie b\u0119d\u0105 spa\u0107 w noclegowniach. Je\u015bli pracujesz dla jednej z tych organizacji, skontaktuj si\u0119 z nami pod adresem info@iglou.cz (po angielsku lub francusku. W przypadku innych j\u0119zyk\u00f3w poradzimy sobie z t\u0142umaczem Google).<\/p>\n<p>Je\u015bli nie nale\u017cysz do \u017cadnej z tych organizacji, nie wahaj si\u0119 powiedzie\u0107 s\u0142owa o Iglou organizacjom charytatywnym wok\u00f3\u0142 Ciebie \ud83d\ude42<\/p>\n<h2>P: Jestem osob\u0105 obdarzon\u0105 dobr\u0105 wol\u0105, czy mog\u0119 zam\u00f3wi\u0107 iglou dla osoby, kt\u00f3r\u0105 znam?<\/h2>\n<p>O: Aby uzyska\u0107 najlepsze praktyki w zakresie identyfikacji, dystrybucji i dzia\u0142a\u0144 nast\u0119pczych, mo\u017cemy dostarcza\u0107 iglous tylko zarejestrowanym organizacjom non-profit lub radom miejskim.<\/p>\n<h2>P: Jaki jest koszt Iglou?<\/h2>\n<p>O: Iglou wyst\u0119puje w 2 r\u00f3\u017cnych modelach:<\/p>\n<p>&#8211; Iglou dla 1 osoby (2m x 1m)<\/p>\n<p>&#8211; Iglou dla 2 os\u00f3b (2m x 1,2m)<\/p>\n<p>Je\u015bli jeste\u015b organizacj\u0105 charytatywn\u0105 lub gmin\u0105, skontaktuj si\u0119 z nami w sprawie cen Iglou.<\/p>\n<p>Koszty transportu uzale\u017cnione s\u0105 od zam\u00f3wionej ilo\u015bci i adresu dostawy.<\/p>\n<h2>P: Nie mieszkam w Europie, Kanadzie ani w USA, ale chc\u0119 pom\u00f3c sprowadzi\u0107 mag\u00f3w do mojego kraju!<\/h2>\n<p>O: Sprzedajemy bezpo\u015brednio Iglou w Europie, Kanadzie i USA. W innych krajach szukamy os\u00f3b, kt\u00f3re mog\u0142yby przeprowadzi\u0107 projekt Iglou lokalnie. Plany i metody przeka\u017cemy bezp\u0142atnie osobom, kt\u00f3re naszym zdaniem s\u0105 kompetentne do realizacji projektu w ich krajach. Po prostu wy\u015blij nam CV tutaj: <a href=\"mailto:info@iglou.cz\">info@iglou.cz<\/a><\/p>\n","protected":false},"excerpt":{"rendered":"<p>wstecz FAQ P: Jak mog\u0119 zdoby\u0107 Iglou? O: Sprzedajemy Iglou tylko organizacjom charytatywnym i radom miejskim, kt\u00f3re nast\u0119pnie wypo\u017cyczaj\u0105 go na okres zimowy osobom bezdomnym, kt\u00f3re z r\u00f3\u017cnych powod\u00f3w nie b\u0119d\u0105 spa\u0107 w&#8230;<\/p>\n","protected":false},"author":1,"featured_media":0,"parent":0,"menu_order":0,"comment_status":"closed","ping_status":"closed","template":"","meta":{"inline_featured_image":false,"footnotes":""},"class_list":["post-2319","page","type-page","status-publish","hentry"],"acf":[],"yoast_head":"<!-- This site is optimized with the Yoast SEO plugin v20.1 - https:\/\/yoast.com\/wordpress\/plugins\/seo\/ -->\n<title>Iglou - FAQ<\/title>\n<meta name=\"description\" content=\"Iglou to awaryjne schronisko dla os\u00f3b bezdomnych, kt\u00f3re nie mog\u0105 lub nie b\u0119d\u0105 spa\u0107 w noclegowniach.Zapobiega hipotermii, odmro\u017ceniom i zamarzni\u0119ciu na \u015bmier\u0107.\" \/>\n<meta name=\"robots\" content=\"index, follow, max-snippet:-1, max-image-preview:large, max-video-preview:-1\" \/>\n<link rel=\"canonical\" href=\"https:\/\/www.iglou.world\/pl\/faq\/\" \/>\n<meta property=\"og:locale\" content=\"pl_PL\" \/>\n<meta property=\"og:type\" content=\"article\" \/>\n<meta property=\"og:title\" content=\"Iglou - FAQ\" \/>\n<meta property=\"og:description\" content=\"Iglou to awaryjne schronisko dla os\u00f3b bezdomnych, kt\u00f3re nie mog\u0105 lub nie b\u0119d\u0105 spa\u0107 w noclegowniach.Zapobiega hipotermii, odmro\u017ceniom i zamarzni\u0119ciu na \u015bmier\u0107.\" \/>\n<meta property=\"og:url\" content=\"https:\/\/www.iglou.world\/pl\/faq\/\" \/>\n<meta property=\"og:site_name\" content=\"Iglou\" \/>\n<meta property=\"article:modified_time\" content=\"2023-12-06T17:35:33+00:00\" \/>\n<meta name=\"twitter:card\" content=\"summary_large_image\" \/>\n<meta name=\"twitter:label1\" content=\"Szacowany czas czytania\" \/>\n\t<meta name=\"twitter:data1\" content=\"2 minuty\" \/>\n<script type=\"application\/ld+json\" class=\"yoast-schema-graph\">{\"@context\":\"https:\/\/schema.org\",\"@graph\":[{\"@type\":\"WebPage\",\"@id\":\"https:\/\/www.iglou.world\/pl\/faq\/\",\"url\":\"https:\/\/www.iglou.world\/pl\/faq\/\",\"name\":\"Iglou - FAQ\",\"isPartOf\":{\"@id\":\"https:\/\/www.iglou.cz\/#website\"},\"datePublished\":\"2021-03-16T11:46:59+00:00\",\"dateModified\":\"2023-12-06T17:35:33+00:00\",\"description\":\"Iglou to awaryjne schronisko dla os\u00f3b bezdomnych, kt\u00f3re nie mog\u0105 lub nie b\u0119d\u0105 spa\u0107 w noclegowniach.Zapobiega hipotermii, odmro\u017ceniom i zamarzni\u0119ciu na \u015bmier\u0107.\",\"breadcrumb\":{\"@id\":\"https:\/\/www.iglou.world\/pl\/faq\/#breadcrumb\"},\"inLanguage\":\"pl-PL\",\"potentialAction\":[{\"@type\":\"ReadAction\",\"target\":[\"https:\/\/www.iglou.world\/pl\/faq\/\"]}]},{\"@type\":\"BreadcrumbList\",\"@id\":\"https:\/\/www.iglou.world\/pl\/faq\/#breadcrumb\",\"itemListElement\":[{\"@type\":\"ListItem\",\"position\":1,\"name\":\"Dom\u016f\",\"item\":\"https:\/\/www.iglou.world\/pl\/\"},{\"@type\":\"ListItem\",\"position\":2,\"name\":\"FAQ\"}]},{\"@type\":\"WebSite\",\"@id\":\"https:\/\/www.iglou.cz\/#website\",\"url\":\"https:\/\/www.iglou.cz\/\",\"name\":\"Iglou\",\"description\":\"\",\"publisher\":{\"@id\":\"https:\/\/www.iglou.cz\/#organization\"},\"potentialAction\":[{\"@type\":\"SearchAction\",\"target\":{\"@type\":\"EntryPoint\",\"urlTemplate\":\"https:\/\/www.iglou.cz\/?s={search_term_string}\"},\"query-input\":\"required name=search_term_string\"}],\"inLanguage\":\"pl-PL\"},{\"@type\":\"Organization\",\"@id\":\"https:\/\/www.iglou.cz\/#organization\",\"name\":\"Iglou\",\"url\":\"https:\/\/www.iglou.cz\/\",\"logo\":{\"@type\":\"ImageObject\",\"inLanguage\":\"pl-PL\",\"@id\":\"https:\/\/www.iglou.cz\/#\/schema\/logo\/image\/\",\"url\":\"https:\/\/www.iglou.world\/wp-content\/uploads\/2021\/03\/logo-iglou.svg\",\"contentUrl\":\"https:\/\/www.iglou.world\/wp-content\/uploads\/2021\/03\/logo-iglou.svg\",\"width\":156,\"height\":94,\"caption\":\"Iglou\"},\"image\":{\"@id\":\"https:\/\/www.iglou.cz\/#\/schema\/logo\/image\/\"}}]}<\/script>\n<!-- \/ Yoast SEO plugin. -->","yoast_head_json":{"title":"Iglou - FAQ","description":"Iglou to awaryjne schronisko dla os\u00f3b bezdomnych, kt\u00f3re nie mog\u0105 lub nie b\u0119d\u0105 spa\u0107 w noclegowniach.Zapobiega hipotermii, odmro\u017ceniom i zamarzni\u0119ciu na \u015bmier\u0107.","robots":{"index":"index","follow":"follow","max-snippet":"max-snippet:-1","max-image-preview":"max-image-preview:large","max-video-preview":"max-video-preview:-1"},"canonical":"https:\/\/www.iglou.world\/pl\/faq\/","og_locale":"pl_PL","og_type":"article","og_title":"Iglou - FAQ","og_description":"Iglou to awaryjne schronisko dla os\u00f3b bezdomnych, kt\u00f3re nie mog\u0105 lub nie b\u0119d\u0105 spa\u0107 w noclegowniach.Zapobiega hipotermii, odmro\u017ceniom i zamarzni\u0119ciu na \u015bmier\u0107.","og_url":"https:\/\/www.iglou.world\/pl\/faq\/","og_site_name":"Iglou","article_modified_time":"2023-12-06T17:35:33+00:00","twitter_card":"summary_large_image","twitter_misc":{"Szacowany czas czytania":"2 minuty"},"schema":{"@context":"https:\/\/schema.org","@graph":[{"@type":"WebPage","@id":"https:\/\/www.iglou.world\/pl\/faq\/","url":"https:\/\/www.iglou.world\/pl\/faq\/","name":"Iglou - FAQ","isPartOf":{"@id":"https:\/\/www.iglou.cz\/#website"},"datePublished":"2021-03-16T11:46:59+00:00","dateModified":"2023-12-06T17:35:33+00:00","description":"Iglou to awaryjne schronisko dla os\u00f3b bezdomnych, kt\u00f3re nie mog\u0105 lub nie b\u0119d\u0105 spa\u0107 w noclegowniach.Zapobiega hipotermii, odmro\u017ceniom i zamarzni\u0119ciu na \u015bmier\u0107.","breadcrumb":{"@id":"https:\/\/www.iglou.world\/pl\/faq\/#breadcrumb"},"inLanguage":"pl-PL","potentialAction":[{"@type":"ReadAction","target":["https:\/\/www.iglou.world\/pl\/faq\/"]}]},{"@type":"BreadcrumbList","@id":"https:\/\/www.iglou.world\/pl\/faq\/#breadcrumb","itemListElement":[{"@type":"ListItem","position":1,"name":"Dom\u016f","item":"https:\/\/www.iglou.world\/pl\/"},{"@type":"ListItem","position":2,"name":"FAQ"}]},{"@type":"WebSite","@id":"https:\/\/www.iglou.cz\/#website","url":"https:\/\/www.iglou.cz\/","name":"Iglou","description":"","publisher":{"@id":"https:\/\/www.iglou.cz\/#organization"},"potentialAction":[{"@type":"SearchAction","target":{"@type":"EntryPoint","urlTemplate":"https:\/\/www.iglou.cz\/?s={search_term_string}"},"query-input":"required name=search_term_string"}],"inLanguage":"pl-PL"},{"@type":"Organization","@id":"https:\/\/www.iglou.cz\/#organization","name":"Iglou","url":"https:\/\/www.iglou.cz\/","logo":{"@type":"ImageObject","inLanguage":"pl-PL","@id":"https:\/\/www.iglou.cz\/#\/schema\/logo\/image\/","url":"https:\/\/www.iglou.world\/wp-content\/uploads\/2021\/03\/logo-iglou.svg","contentUrl":"https:\/\/www.iglou.world\/wp-content\/uploads\/2021\/03\/logo-iglou.svg","width":156,"height":94,"caption":"Iglou"},"image":{"@id":"https:\/\/www.iglou.cz\/#\/schema\/logo\/image\/"}}]}},"_links":{"self":[{"href":"https:\/\/www.iglou.world\/pl\/wp-json\/wp\/v2\/pages\/2319","targetHints":{"allow":["GET"]}}],"collection":[{"href":"https:\/\/www.iglou.world\/pl\/wp-json\/wp\/v2\/pages"}],"about":[{"href":"https:\/\/www.iglou.world\/pl\/wp-json\/wp\/v2\/types\/page"}],"author":[{"embeddable":true,"href":"https:\/\/www.iglou.world\/pl\/wp-json\/wp\/v2\/users\/1"}],"replies":[{"embeddable":true,"href":"https:\/\/www.iglou.world\/pl\/wp-json\/wp\/v2\/comments?post=2319"}],"version-history":[{"count":22,"href":"https:\/\/www.iglou.world\/pl\/wp-json\/wp\/v2\/pages\/2319\/revisions"}],"predecessor-version":[{"id":4127,"href":"https:\/\/www.iglou.world\/pl\/wp-json\/wp\/v2\/pages\/2319\/revisions\/4127"}],"wp:attachment":[{"href":"https:\/\/www.iglou.world\/pl\/wp-json\/wp\/v2\/media?parent=2319"}],"curies":[{"name":"wp","href":"https:\/\/api.w.org\/{rel}","templated":true}]}}