{"id":2328,"date":"2021-03-17T12:22:41","date_gmt":"2021-03-17T11:22:41","guid":{"rendered":"https:\/\/www.iglou.cz\/testimonial\/"},"modified":"2021-05-29T12:31:05","modified_gmt":"2021-05-29T10:31:05","slug":"testimonial","status":"publish","type":"page","link":"https:\/\/www.iglou.world\/es\/testimonial\/","title":{"rendered":"Testimonials"},"content":{"rendered":"\t\t<div data-elementor-type=\"wp-page\" data-elementor-id=\"2328\" class=\"elementor elementor-2328 elementor-136\">\n\t\t\t\t\t\t\t\t\t<section class=\"elementor-section elementor-top-section elementor-element elementor-element-1f658da elementor-section-boxed elementor-section-height-default elementor-section-height-default\" data-id=\"1f658da\" data-element_type=\"section\">\n\t\t\t\t\t\t<div class=\"elementor-container elementor-column-gap-default\">\n\t\t\t\t\t<div class=\"elementor-column elementor-col-100 elementor-top-column elementor-element elementor-element-61a7bcb\" data-id=\"61a7bcb\" data-element_type=\"column\">\n\t\t\t<div class=\"elementor-widget-wrap elementor-element-populated\">\n\t\t\t\t\t\t\t\t<section class=\"elementor-section elementor-inner-section elementor-element elementor-element-f211931 elementor-section-content-middle elementor-section-boxed elementor-section-height-default elementor-section-height-default\" data-id=\"f211931\" data-element_type=\"section\">\n\t\t\t\t\t\t<div class=\"elementor-container elementor-column-gap-default\">\n\t\t\t\t\t<div class=\"elementor-column elementor-col-16 elementor-inner-column elementor-element elementor-element-1ae5231\" data-id=\"1ae5231\" data-element_type=\"column\">\n\t\t\t<div class=\"elementor-widget-wrap elementor-element-populated\">\n\t\t\t\t\t\t\t\t<div class=\"elementor-element elementor-element-0e9725c elementor-mobile-align-center elementor-widget elementor-widget-button\" data-id=\"0e9725c\" data-element_type=\"widget\" data-widget_type=\"button.default\">\n\t\t\t\t<div class=\"elementor-widget-container\">\n\t\t\t\t\t<div class=\"elementor-button-wrapper\">\n\t\t\t<a class=\"iglou-simple-back elementor-button-link elementor-button elementor-size-sm\" href=\"https:\/\/www.iglou.cz\/es\/\" role=\"button\">\n\t\t\t\t\t\t<span class=\"elementor-button-content-wrapper\">\n\t\t\t\t\t\t<span class=\"elementor-button-text\">volver<\/span>\n\t\t<\/span>\n\t\t\t\t\t<\/a>\n\t\t<\/div>\n\t\t\t\t<\/div>\n\t\t\t\t<\/div>\n\t\t\t\t\t<\/div>\n\t\t<\/div>\n\t\t\t\t<div class=\"elementor-column elementor-col-66 elementor-inner-column elementor-element elementor-element-d0b4f58\" data-id=\"d0b4f58\" data-element_type=\"column\">\n\t\t\t<div class=\"elementor-widget-wrap elementor-element-populated\">\n\t\t\t\t\t\t\t\t<div class=\"elementor-element elementor-element-4ad9a12 menu-center elementor-widget elementor-widget-wp-widget-nav_menu\" data-id=\"4ad9a12\" data-element_type=\"widget\" data-widget_type=\"wp-widget-nav_menu.default\">\n\t\t\t\t<div class=\"elementor-widget-container\">\n\t\t\t<div class=\"menu-testimonials-stories-es-container\"><ul id=\"menu-testimonials-stories-es\" class=\"menu\"><li id=\"menu-item-3863\" class=\"menu-item menu-item-type-post_type menu-item-object-page menu-item-3863\"><a href=\"https:\/\/www.iglou.world\/es\/testimonial\/\">Testimonios<\/a><\/li>\n<li id=\"menu-item-2807\" class=\"stories-active menu-item menu-item-type-custom menu-item-object-custom menu-item-2807\"><a href=\"https:\/\/www.iglou.world\/es\/stories\/\">Cuentos<\/a><\/li>\n<\/ul><\/div>\t\t<\/div>\n\t\t\t\t<\/div>\n\t\t\t\t\t<\/div>\n\t\t<\/div>\n\t\t\t\t<div class=\"elementor-column elementor-col-16 elementor-inner-column elementor-element elementor-element-50beab9\" data-id=\"50beab9\" data-element_type=\"column\">\n\t\t\t<div class=\"elementor-widget-wrap\">\n\t\t\t\t\t\t\t\t\t<\/div>\n\t\t<\/div>\n\t\t\t\t\t\t\t<\/div>\n\t\t<\/section>\n\t\t\t\t<div class=\"elementor-element elementor-element-3d71584 elementor-widget elementor-widget-iglou-testimonials-grid\" data-id=\"3d71584\" data-element_type=\"widget\" data-widget_type=\"iglou-testimonials-grid.default\">\n\t\t\t\t<div class=\"elementor-widget-container\">\n\t\t\t\n                <div class=\"blog-pg-section page-post\">\n                    <div class=\"blog-content\">\n                                                            <div class=\"post format-standard-image\">\n                                    <div class=\"post-content\">\n                                                                                <div class=\"entry-media\">\n                                            <img loading=\"lazy\" decoding=\"async\" width=\"350\" height=\"630\" src=\"https:\/\/www.iglou.world\/wp-content\/uploads\/2021\/03\/PHOTO_Belmiro-350x630.jpg\" class=\"attachment-testimonials size-testimonials\" alt=\"\" \/>                                        <\/div>\n                                                                                <div class=\"entry-content\">\n                                                                                        <div class=\"main-text\">\n                                                <!-- wp:paragraph -->\n<p>\u00a1Ni una sola gota de lluvia adentro! Adem\u00e1s de eso, \u00a1hace calor!<\/p>\n<!-- \/wp:paragraph -->                                            <\/div>\n                                            <h2 class=\"title-text\">Belmiro<\/h2>\n                                                                                            <div class=\"subtitle-text\">Dentro de un Iglou en Bordeaux<\/div>\n                                                                                    <\/div>\n                                    <\/div>\n                                <\/div>\n                                                            <div class=\"post format-standard-image\">\n                                    <div class=\"post-content\">\n                                                                                <div class=\"entry-media\">\n                                            <img loading=\"lazy\" decoding=\"async\" width=\"350\" height=\"630\" src=\"https:\/\/www.iglou.world\/wp-content\/uploads\/2021\/03\/PHOTO_Amid-350x630.jpg\" class=\"attachment-testimonials size-testimonials\" alt=\"\" srcset=\"https:\/\/www.iglou.world\/wp-content\/uploads\/2021\/03\/PHOTO_Amid-350x630.jpg 350w, https:\/\/www.iglou.world\/wp-content\/uploads\/2021\/03\/PHOTO_Amid-84x150.jpg 84w\" sizes=\"auto, (max-width: 350px) 100vw, 350px\" \/>                                        <\/div>\n                                                                                <div class=\"entry-content\">\n                                                                                        <div class=\"main-text\">\n                                                <!-- wp:paragraph -->\n<p>Cada uno de nosotros tiene su propio espacio para dormir. \u00a1Estamos bien!<\/p>\n<!-- \/wp:paragraph -->                                            <\/div>\n                                            <h2 class=\"title-text\">Amid<\/h2>\n                                                                                            <div class=\"subtitle-text\">Dentro de un Iglou en una zona despoblada en Bordeaux<\/div>\n                                                                                    <\/div>\n                                    <\/div>\n                                <\/div>\n                                                            <div class=\"post format-standard-image\">\n                                    <div class=\"post-content\">\n                                                                                <div class=\"entry-media\">\n                                            <img loading=\"lazy\" decoding=\"async\" width=\"350\" height=\"630\" src=\"https:\/\/www.iglou.world\/wp-content\/uploads\/2021\/03\/Iglou_Christian_01-1-350x630.jpg\" class=\"attachment-testimonials size-testimonials\" alt=\"\" \/>                                        <\/div>\n                                                                                <div class=\"entry-content\">\n                                                                                        <div class=\"main-text\">\n                                                <!-- wp:paragraph -->\n<p>\u00a1Este Iglou es perfecto, absolutamente perfecto! A veces tengo demasiado calor y tengo que dormir sin chaqueta.<\/p>\n<!-- \/wp:paragraph -->                                            <\/div>\n                                            <h2 class=\"title-text\">Christian<\/h2>\n                                                                                            <div class=\"subtitle-text\">En un Iglou cerca de Par\u00eds<\/div>\n                                                                                    <\/div>\n                                    <\/div>\n                                <\/div>\n                                                            <div class=\"post format-standard-image\">\n                                    <div class=\"post-content\">\n                                                                                <div class=\"entry-media\">\n                                            <img loading=\"lazy\" decoding=\"async\" width=\"350\" height=\"630\" src=\"https:\/\/www.iglou.world\/wp-content\/uploads\/2021\/03\/PHOTO_UtilisateursIglou_OceaneBenjamin_01-350x630.jpg\" class=\"attachment-testimonials size-testimonials\" alt=\"\" \/>                                        <\/div>\n                                                                                <div class=\"entry-content\">\n                                                                                        <div class=\"main-text\">\n                                                <!-- wp:paragraph -->\n<p>Es mucho m\u00e1s f\u00e1cil dormir por la noche y despertarse por la ma\u00f1ana. Este Iglou es preciado.<\/p>\n<!-- \/wp:paragraph -->                                            <\/div>\n                                            <h2 class=\"title-text\">Oc\u00e9ane &#038; Benjamin<\/h2>\n                                                                                            <div class=\"subtitle-text\">En un Iglou cerca de Par\u00eds<\/div>\n                                                                                    <\/div>\n                                    <\/div>\n                                <\/div>\n                                                        <\/div>\n                            <\/div>\n\n                            \t\t<\/div>\n\t\t\t\t<\/div>\n\t\t\t\t\t<\/div>\n\t\t<\/div>\n\t\t\t\t\t\t\t<\/div>\n\t\t<\/section>\n\t\t\t\t\t\t\t<\/div>\n\t\t","protected":false},"excerpt":{"rendered":"<p>volver Not a single drop of rain inside! On top of that, it&#8217;s warm! Belmiro Inside an iglou in Bordeaux Each one of us has their personal sleeping space. We&#8217;re good! Amid Inside&#8230;<\/p>\n","protected":false},"author":1,"featured_media":0,"parent":0,"menu_order":0,"comment_status":"closed","ping_status":"closed","template":"","meta":{"inline_featured_image":false,"footnotes":""},"class_list":["post-2328","page","type-page","status-publish","hentry"],"acf":[],"yoast_head":"<!-- This site is optimized with the Yoast SEO plugin v20.1 - https:\/\/yoast.com\/wordpress\/plugins\/seo\/ -->\n<title>Testimonials - Iglou<\/title>\n<meta name=\"robots\" content=\"index, follow, max-snippet:-1, max-image-preview:large, max-video-preview:-1\" \/>\n<link rel=\"canonical\" href=\"https:\/\/www.iglou.world\/es\/testimonial\/\" \/>\n<meta property=\"og:locale\" content=\"es_ES\" \/>\n<meta property=\"og:type\" content=\"article\" \/>\n<meta property=\"og:title\" content=\"Testimonials - Iglou\" \/>\n<meta property=\"og:description\" content=\"volver Not a single drop of rain inside! On top of that, it&#8217;s warm! Belmiro Inside an iglou in Bordeaux Each one of us has their personal sleeping space. We&#8217;re good! Amid Inside...\" \/>\n<meta property=\"og:url\" content=\"https:\/\/www.iglou.world\/es\/testimonial\/\" \/>\n<meta property=\"og:site_name\" content=\"Iglou\" \/>\n<meta property=\"article:modified_time\" content=\"2021-05-29T10:31:05+00:00\" \/>\n<meta property=\"og:image\" content=\"https:\/\/www.iglou.cz\/wp-content\/uploads\/2021\/03\/PHOTO_Belmiro-350x630.jpg\" \/>\n<meta name=\"twitter:card\" content=\"summary_large_image\" \/>\n<meta name=\"twitter:label1\" content=\"Tiempo de lectura\" \/>\n\t<meta name=\"twitter:data1\" content=\"2 minutos\" \/>\n<script type=\"application\/ld+json\" class=\"yoast-schema-graph\">{\"@context\":\"https:\/\/schema.org\",\"@graph\":[{\"@type\":\"WebPage\",\"@id\":\"https:\/\/www.iglou.world\/es\/testimonial\/\",\"url\":\"https:\/\/www.iglou.world\/es\/testimonial\/\",\"name\":\"Testimonials - Iglou\",\"isPartOf\":{\"@id\":\"https:\/\/www.iglou.world\/es\/#website\"},\"datePublished\":\"2021-03-17T11:22:41+00:00\",\"dateModified\":\"2021-05-29T10:31:05+00:00\",\"breadcrumb\":{\"@id\":\"https:\/\/www.iglou.world\/es\/testimonial\/#breadcrumb\"},\"inLanguage\":\"es\",\"potentialAction\":[{\"@type\":\"ReadAction\",\"target\":[\"https:\/\/www.iglou.world\/es\/testimonial\/\"]}]},{\"@type\":\"BreadcrumbList\",\"@id\":\"https:\/\/www.iglou.world\/es\/testimonial\/#breadcrumb\",\"itemListElement\":[{\"@type\":\"ListItem\",\"position\":1,\"name\":\"Dom\u016f\",\"item\":\"https:\/\/www.iglou.world\/es\/\"},{\"@type\":\"ListItem\",\"position\":2,\"name\":\"Testimonials\"}]},{\"@type\":\"WebSite\",\"@id\":\"https:\/\/www.iglou.world\/es\/#website\",\"url\":\"https:\/\/www.iglou.world\/es\/\",\"name\":\"Iglou\",\"description\":\"\",\"publisher\":{\"@id\":\"https:\/\/www.iglou.world\/es\/#organization\"},\"potentialAction\":[{\"@type\":\"SearchAction\",\"target\":{\"@type\":\"EntryPoint\",\"urlTemplate\":\"https:\/\/www.iglou.world\/es\/?s={search_term_string}\"},\"query-input\":\"required name=search_term_string\"}],\"inLanguage\":\"es\"},{\"@type\":\"Organization\",\"@id\":\"https:\/\/www.iglou.world\/es\/#organization\",\"name\":\"Iglou\",\"url\":\"https:\/\/www.iglou.world\/es\/\",\"logo\":{\"@type\":\"ImageObject\",\"inLanguage\":\"es\",\"@id\":\"https:\/\/www.iglou.world\/es\/#\/schema\/logo\/image\/\",\"url\":\"https:\/\/www.iglou.world\/wp-content\/uploads\/2021\/03\/logo-iglou.svg\",\"contentUrl\":\"https:\/\/www.iglou.world\/wp-content\/uploads\/2021\/03\/logo-iglou.svg\",\"width\":156,\"height\":94,\"caption\":\"Iglou\"},\"image\":{\"@id\":\"https:\/\/www.iglou.world\/es\/#\/schema\/logo\/image\/\"}}]}<\/script>\n<!-- \/ Yoast SEO plugin. -->","yoast_head_json":{"title":"Testimonials - Iglou","robots":{"index":"index","follow":"follow","max-snippet":"max-snippet:-1","max-image-preview":"max-image-preview:large","max-video-preview":"max-video-preview:-1"},"canonical":"https:\/\/www.iglou.world\/es\/testimonial\/","og_locale":"es_ES","og_type":"article","og_title":"Testimonials - Iglou","og_description":"volver Not a single drop of rain inside! On top of that, it&#8217;s warm! Belmiro Inside an iglou in Bordeaux Each one of us has their personal sleeping space. We&#8217;re good! Amid Inside...","og_url":"https:\/\/www.iglou.world\/es\/testimonial\/","og_site_name":"Iglou","article_modified_time":"2021-05-29T10:31:05+00:00","og_image":[{"url":"https:\/\/www.iglou.cz\/wp-content\/uploads\/2021\/03\/PHOTO_Belmiro-350x630.jpg"}],"twitter_card":"summary_large_image","twitter_misc":{"Tiempo de lectura":"2 minutos"},"schema":{"@context":"https:\/\/schema.org","@graph":[{"@type":"WebPage","@id":"https:\/\/www.iglou.world\/es\/testimonial\/","url":"https:\/\/www.iglou.world\/es\/testimonial\/","name":"Testimonials - Iglou","isPartOf":{"@id":"https:\/\/www.iglou.world\/es\/#website"},"datePublished":"2021-03-17T11:22:41+00:00","dateModified":"2021-05-29T10:31:05+00:00","breadcrumb":{"@id":"https:\/\/www.iglou.world\/es\/testimonial\/#breadcrumb"},"inLanguage":"es","potentialAction":[{"@type":"ReadAction","target":["https:\/\/www.iglou.world\/es\/testimonial\/"]}]},{"@type":"BreadcrumbList","@id":"https:\/\/www.iglou.world\/es\/testimonial\/#breadcrumb","itemListElement":[{"@type":"ListItem","position":1,"name":"Dom\u016f","item":"https:\/\/www.iglou.world\/es\/"},{"@type":"ListItem","position":2,"name":"Testimonials"}]},{"@type":"WebSite","@id":"https:\/\/www.iglou.world\/es\/#website","url":"https:\/\/www.iglou.world\/es\/","name":"Iglou","description":"","publisher":{"@id":"https:\/\/www.iglou.world\/es\/#organization"},"potentialAction":[{"@type":"SearchAction","target":{"@type":"EntryPoint","urlTemplate":"https:\/\/www.iglou.world\/es\/?s={search_term_string}"},"query-input":"required name=search_term_string"}],"inLanguage":"es"},{"@type":"Organization","@id":"https:\/\/www.iglou.world\/es\/#organization","name":"Iglou","url":"https:\/\/www.iglou.world\/es\/","logo":{"@type":"ImageObject","inLanguage":"es","@id":"https:\/\/www.iglou.world\/es\/#\/schema\/logo\/image\/","url":"https:\/\/www.iglou.world\/wp-content\/uploads\/2021\/03\/logo-iglou.svg","contentUrl":"https:\/\/www.iglou.world\/wp-content\/uploads\/2021\/03\/logo-iglou.svg","width":156,"height":94,"caption":"Iglou"},"image":{"@id":"https:\/\/www.iglou.world\/es\/#\/schema\/logo\/image\/"}}]}},"_links":{"self":[{"href":"https:\/\/www.iglou.world\/es\/wp-json\/wp\/v2\/pages\/2328","targetHints":{"allow":["GET"]}}],"collection":[{"href":"https:\/\/www.iglou.world\/es\/wp-json\/wp\/v2\/pages"}],"about":[{"href":"https:\/\/www.iglou.world\/es\/wp-json\/wp\/v2\/types\/page"}],"author":[{"embeddable":true,"href":"https:\/\/www.iglou.world\/es\/wp-json\/wp\/v2\/users\/1"}],"replies":[{"embeddable":true,"href":"https:\/\/www.iglou.world\/es\/wp-json\/wp\/v2\/comments?post=2328"}],"version-history":[{"count":6,"href":"https:\/\/www.iglou.world\/es\/wp-json\/wp\/v2\/pages\/2328\/revisions"}],"predecessor-version":[{"id":3220,"href":"https:\/\/www.iglou.world\/es\/wp-json\/wp\/v2\/pages\/2328\/revisions\/3220"}],"wp:attachment":[{"href":"https:\/\/www.iglou.world\/es\/wp-json\/wp\/v2\/media?parent=2328"}],"curies":[{"name":"wp","href":"https:\/\/api.w.org\/{rel}","templated":true}]}}