{"id":1805,"date":"2021-03-17T12:22:41","date_gmt":"2021-03-17T11:22:41","guid":{"rendered":"https:\/\/www.iglou.cz\/testimonialy\/"},"modified":"2021-05-29T12:11:48","modified_gmt":"2021-05-29T10:11:48","slug":"testimonialy","status":"publish","type":"page","link":"https:\/\/www.iglou.world\/de\/testimonialy\/","title":{"rendered":"Referenzen"},"content":{"rendered":"\t\t<div data-elementor-type=\"wp-page\" data-elementor-id=\"1805\" class=\"elementor elementor-1805 elementor-136\">\n\t\t\t\t\t\t\t\t\t<section class=\"elementor-section elementor-top-section elementor-element elementor-element-6107608 elementor-section-boxed elementor-section-height-default elementor-section-height-default\" data-id=\"6107608\" data-element_type=\"section\">\n\t\t\t\t\t\t<div class=\"elementor-container elementor-column-gap-default\">\n\t\t\t\t\t<div class=\"elementor-column elementor-col-100 elementor-top-column elementor-element elementor-element-0847b9d\" data-id=\"0847b9d\" data-element_type=\"column\">\n\t\t\t<div class=\"elementor-widget-wrap elementor-element-populated\">\n\t\t\t\t\t\t\t\t<section class=\"elementor-section elementor-inner-section elementor-element elementor-element-049d47c elementor-section-content-middle elementor-section-boxed elementor-section-height-default elementor-section-height-default\" data-id=\"049d47c\" data-element_type=\"section\">\n\t\t\t\t\t\t<div class=\"elementor-container elementor-column-gap-default\">\n\t\t\t\t\t<div class=\"elementor-column elementor-col-16 elementor-inner-column elementor-element elementor-element-5f75822\" data-id=\"5f75822\" data-element_type=\"column\">\n\t\t\t<div class=\"elementor-widget-wrap elementor-element-populated\">\n\t\t\t\t\t\t\t\t<div class=\"elementor-element elementor-element-5b5bdcd elementor-mobile-align-center elementor-widget elementor-widget-button\" data-id=\"5b5bdcd\" data-element_type=\"widget\" data-widget_type=\"button.default\">\n\t\t\t\t<div class=\"elementor-widget-container\">\n\t\t\t\t\t<div class=\"elementor-button-wrapper\">\n\t\t\t<a class=\"iglou-simple-back elementor-button-link elementor-button elementor-size-sm\" href=\"https:\/\/www.iglou.cz\/de\/\" role=\"button\">\n\t\t\t\t\t\t<span class=\"elementor-button-content-wrapper\">\n\t\t\t\t\t\t<span class=\"elementor-button-text\">zur\u00fcck<\/span>\n\t\t<\/span>\n\t\t\t\t\t<\/a>\n\t\t<\/div>\n\t\t\t\t<\/div>\n\t\t\t\t<\/div>\n\t\t\t\t\t<\/div>\n\t\t<\/div>\n\t\t\t\t<div class=\"elementor-column elementor-col-66 elementor-inner-column elementor-element elementor-element-5253ec1\" data-id=\"5253ec1\" data-element_type=\"column\">\n\t\t\t<div class=\"elementor-widget-wrap elementor-element-populated\">\n\t\t\t\t\t\t\t\t<div class=\"elementor-element elementor-element-d9c4aab menu-center elementor-widget elementor-widget-wp-widget-nav_menu\" data-id=\"d9c4aab\" data-element_type=\"widget\" data-widget_type=\"wp-widget-nav_menu.default\">\n\t\t\t\t<div class=\"elementor-widget-container\">\n\t\t\t<div class=\"menu-testimonials-stories-de-container\"><ul id=\"menu-testimonials-stories-de\" class=\"menu\"><li id=\"menu-item-2259\" class=\"menu-item menu-item-type-post_type menu-item-object-page menu-item-2259\"><a href=\"https:\/\/www.iglou.world\/de\/testimonialy\/\">Referenzen<\/a><\/li>\n<li id=\"menu-item-1882\" class=\"stories-active menu-item menu-item-type-custom menu-item-object-custom menu-item-1882\"><a href=\"https:\/\/www.iglou.world\/de\/stories\/\">Geschichten<\/a><\/li>\n<\/ul><\/div>\t\t<\/div>\n\t\t\t\t<\/div>\n\t\t\t\t\t<\/div>\n\t\t<\/div>\n\t\t\t\t<div class=\"elementor-column elementor-col-16 elementor-inner-column elementor-element elementor-element-80bcd94\" data-id=\"80bcd94\" data-element_type=\"column\">\n\t\t\t<div class=\"elementor-widget-wrap\">\n\t\t\t\t\t\t\t\t\t<\/div>\n\t\t<\/div>\n\t\t\t\t\t\t\t<\/div>\n\t\t<\/section>\n\t\t\t\t<div class=\"elementor-element elementor-element-dfed816 elementor-widget elementor-widget-iglou-testimonials-grid\" data-id=\"dfed816\" data-element_type=\"widget\" data-widget_type=\"iglou-testimonials-grid.default\">\n\t\t\t\t<div class=\"elementor-widget-container\">\n\t\t\t\n                <div class=\"blog-pg-section page-post\">\n                    <div class=\"blog-content\">\n                                                            <div class=\"post format-standard-image\">\n                                    <div class=\"post-content\">\n                                                                                <div class=\"entry-media\">\n                                            <img loading=\"lazy\" decoding=\"async\" width=\"350\" height=\"630\" src=\"https:\/\/www.iglou.world\/wp-content\/uploads\/2021\/03\/PHOTO_Belmiro-350x630.jpg\" class=\"attachment-testimonials size-testimonials\" alt=\"\" \/>                                        <\/div>\n                                                                                <div class=\"entry-content\">\n                                                                                        <div class=\"main-text\">\n                                                <!-- wp:paragraph -->\n<p>Nicht ein einziger Tropfen Regen drinnen! Dar\u00fcber hinaus ist es warm!<\/p>\n<!-- \/wp:paragraph -->                                            <\/div>\n                                            <h2 class=\"title-text\">Belmiro<\/h2>\n                                                                                            <div class=\"subtitle-text\">In einem Iglou in Bordeaux<\/div>\n                                                                                    <\/div>\n                                    <\/div>\n                                <\/div>\n                                                            <div class=\"post format-standard-image\">\n                                    <div class=\"post-content\">\n                                                                                <div class=\"entry-media\">\n                                            <img loading=\"lazy\" decoding=\"async\" width=\"350\" height=\"630\" src=\"https:\/\/www.iglou.world\/wp-content\/uploads\/2021\/03\/PHOTO_Amid-350x630.jpg\" class=\"attachment-testimonials size-testimonials\" alt=\"\" srcset=\"https:\/\/www.iglou.world\/wp-content\/uploads\/2021\/03\/PHOTO_Amid-350x630.jpg 350w, https:\/\/www.iglou.world\/wp-content\/uploads\/2021\/03\/PHOTO_Amid-84x150.jpg 84w\" sizes=\"auto, (max-width: 350px) 100vw, 350px\" \/>                                        <\/div>\n                                                                                <div class=\"entry-content\">\n                                                                                        <div class=\"main-text\">\n                                                <!-- wp:paragraph -->\n<p>Jeder von uns hat seinen pers\u00f6nlichen Schlafplatz. Uns geht es gut!<\/p>\n<!-- \/wp:paragraph -->                                            <\/div>\n                                            <h2 class=\"title-text\">Amid<\/h2>\n                                                                                            <div class=\"subtitle-text\">In einem Iglou in einer Hocke in Bordeaux<\/div>\n                                                                                    <\/div>\n                                    <\/div>\n                                <\/div>\n                                                            <div class=\"post format-standard-image\">\n                                    <div class=\"post-content\">\n                                                                                <div class=\"entry-media\">\n                                            <img loading=\"lazy\" decoding=\"async\" width=\"350\" height=\"630\" src=\"https:\/\/www.iglou.world\/wp-content\/uploads\/2021\/03\/Iglou_Christian_01-1-350x630.jpg\" class=\"attachment-testimonials size-testimonials\" alt=\"\" \/>                                        <\/div>\n                                                                                <div class=\"entry-content\">\n                                                                                        <div class=\"main-text\">\n                                                <!-- wp:paragraph -->\n<p>Iglou ist perfekt, absolut perfekt! Manchmal ist mir so warm, dass ich meine Jacke ausziehen muss.<\/p>\n<!-- \/wp:paragraph -->                                            <\/div>\n                                            <h2 class=\"title-text\">Christian<\/h2>\n                                                                                            <div class=\"subtitle-text\">In einem Iglou in Alfortville <\/div>\n                                                                                    <\/div>\n                                    <\/div>\n                                <\/div>\n                                                            <div class=\"post format-standard-image\">\n                                    <div class=\"post-content\">\n                                                                                <div class=\"entry-media\">\n                                            <img loading=\"lazy\" decoding=\"async\" width=\"350\" height=\"630\" src=\"https:\/\/www.iglou.world\/wp-content\/uploads\/2021\/03\/PHOTO_UtilisateursIglou_OceaneBenjamin_01-350x630.jpg\" class=\"attachment-testimonials size-testimonials\" alt=\"\" \/>                                        <\/div>\n                                                                                <div class=\"entry-content\">\n                                                                                        <div class=\"main-text\">\n                                                <!-- wp:paragraph -->\n<p>Es ist viel einfacher Nachts zu schlafen und morgens aufzuwachen. Dieses Iglou ist kostbar.<\/p>\n<!-- \/wp:paragraph -->                                            <\/div>\n                                            <h2 class=\"title-text\">Oc\u00e9ane &#038; Benjamin<\/h2>\n                                                                                            <div class=\"subtitle-text\">In einem Iglou in Bois de Vincennes (Paris)<\/div>\n                                                                                    <\/div>\n                                    <\/div>\n                                <\/div>\n                                                        <\/div>\n                            <\/div>\n\n                            \t\t<\/div>\n\t\t\t\t<\/div>\n\t\t\t\t\t<\/div>\n\t\t<\/div>\n\t\t\t\t\t\t\t<\/div>\n\t\t<\/section>\n\t\t\t\t\t\t\t<\/div>\n\t\t","protected":false},"excerpt":{"rendered":"<p>zur\u00fcck Nicht ein einziger Tropfen Regen drinnen! Dar\u00fcber hinaus ist es warm! Belmiro In einem Iglou in Bordeaux Jeder von uns hat seinen pers\u00f6nlichen Schlafplatz. Uns geht es gut! Amid In einem Iglou&#8230;<\/p>\n","protected":false},"author":1,"featured_media":0,"parent":0,"menu_order":0,"comment_status":"closed","ping_status":"closed","template":"","meta":{"inline_featured_image":false,"footnotes":""},"class_list":["post-1805","page","type-page","status-publish","hentry"],"acf":[],"yoast_head":"<!-- This site is optimized with the Yoast SEO plugin v20.1 - https:\/\/yoast.com\/wordpress\/plugins\/seo\/ -->\n<title>Referenzen - Iglou<\/title>\n<meta name=\"robots\" content=\"index, follow, max-snippet:-1, max-image-preview:large, max-video-preview:-1\" \/>\n<link rel=\"canonical\" href=\"https:\/\/www.iglou.world\/de\/testimonialy\/\" \/>\n<meta property=\"og:locale\" content=\"de_DE\" \/>\n<meta property=\"og:type\" content=\"article\" \/>\n<meta property=\"og:title\" content=\"Referenzen - Iglou\" \/>\n<meta property=\"og:description\" content=\"zur\u00fcck Nicht ein einziger Tropfen Regen drinnen! Dar\u00fcber hinaus ist es warm! Belmiro In einem Iglou in Bordeaux Jeder von uns hat seinen pers\u00f6nlichen Schlafplatz. Uns geht es gut! Amid In einem Iglou...\" \/>\n<meta property=\"og:url\" content=\"https:\/\/www.iglou.world\/de\/testimonialy\/\" \/>\n<meta property=\"og:site_name\" content=\"Iglou\" \/>\n<meta property=\"article:modified_time\" content=\"2021-05-29T10:11:48+00:00\" \/>\n<meta property=\"og:image\" content=\"https:\/\/www.iglou.cz\/wp-content\/uploads\/2021\/03\/PHOTO_Belmiro-350x630.jpg\" \/>\n<meta name=\"twitter:card\" content=\"summary_large_image\" \/>\n<meta name=\"twitter:label1\" content=\"Gesch\u00e4tzte Lesezeit\" \/>\n\t<meta name=\"twitter:data1\" content=\"2\u00a0Minuten\" \/>\n<script type=\"application\/ld+json\" class=\"yoast-schema-graph\">{\"@context\":\"https:\/\/schema.org\",\"@graph\":[{\"@type\":\"WebPage\",\"@id\":\"https:\/\/www.iglou.world\/de\/testimonialy\/\",\"url\":\"https:\/\/www.iglou.world\/de\/testimonialy\/\",\"name\":\"Referenzen - Iglou\",\"isPartOf\":{\"@id\":\"https:\/\/www.iglou.fr\/fr\/#website\"},\"datePublished\":\"2021-03-17T11:22:41+00:00\",\"dateModified\":\"2021-05-29T10:11:48+00:00\",\"breadcrumb\":{\"@id\":\"https:\/\/www.iglou.world\/de\/testimonialy\/#breadcrumb\"},\"inLanguage\":\"de\",\"potentialAction\":[{\"@type\":\"ReadAction\",\"target\":[\"https:\/\/www.iglou.world\/de\/testimonialy\/\"]}]},{\"@type\":\"BreadcrumbList\",\"@id\":\"https:\/\/www.iglou.world\/de\/testimonialy\/#breadcrumb\",\"itemListElement\":[{\"@type\":\"ListItem\",\"position\":1,\"name\":\"Dom\u016f\",\"item\":\"https:\/\/www.iglou.world\/de\/\"},{\"@type\":\"ListItem\",\"position\":2,\"name\":\"Referenzen\"}]},{\"@type\":\"WebSite\",\"@id\":\"https:\/\/www.iglou.fr\/fr\/#website\",\"url\":\"https:\/\/www.iglou.fr\/fr\/\",\"name\":\"Iglou\",\"description\":\"\",\"publisher\":{\"@id\":\"https:\/\/www.iglou.fr\/fr\/#organization\"},\"potentialAction\":[{\"@type\":\"SearchAction\",\"target\":{\"@type\":\"EntryPoint\",\"urlTemplate\":\"https:\/\/www.iglou.fr\/fr\/?s={search_term_string}\"},\"query-input\":\"required name=search_term_string\"}],\"inLanguage\":\"de\"},{\"@type\":\"Organization\",\"@id\":\"https:\/\/www.iglou.fr\/fr\/#organization\",\"name\":\"Iglou\",\"url\":\"https:\/\/www.iglou.fr\/fr\/\",\"logo\":{\"@type\":\"ImageObject\",\"inLanguage\":\"de\",\"@id\":\"https:\/\/www.iglou.fr\/fr\/#\/schema\/logo\/image\/\",\"url\":\"https:\/\/www.iglou.world\/wp-content\/uploads\/2021\/03\/logo-iglou.svg\",\"contentUrl\":\"https:\/\/www.iglou.world\/wp-content\/uploads\/2021\/03\/logo-iglou.svg\",\"width\":156,\"height\":94,\"caption\":\"Iglou\"},\"image\":{\"@id\":\"https:\/\/www.iglou.fr\/fr\/#\/schema\/logo\/image\/\"}}]}<\/script>\n<!-- \/ Yoast SEO plugin. -->","yoast_head_json":{"title":"Referenzen - Iglou","robots":{"index":"index","follow":"follow","max-snippet":"max-snippet:-1","max-image-preview":"max-image-preview:large","max-video-preview":"max-video-preview:-1"},"canonical":"https:\/\/www.iglou.world\/de\/testimonialy\/","og_locale":"de_DE","og_type":"article","og_title":"Referenzen - Iglou","og_description":"zur\u00fcck Nicht ein einziger Tropfen Regen drinnen! Dar\u00fcber hinaus ist es warm! Belmiro In einem Iglou in Bordeaux Jeder von uns hat seinen pers\u00f6nlichen Schlafplatz. Uns geht es gut! Amid In einem Iglou...","og_url":"https:\/\/www.iglou.world\/de\/testimonialy\/","og_site_name":"Iglou","article_modified_time":"2021-05-29T10:11:48+00:00","og_image":[{"url":"https:\/\/www.iglou.cz\/wp-content\/uploads\/2021\/03\/PHOTO_Belmiro-350x630.jpg"}],"twitter_card":"summary_large_image","twitter_misc":{"Gesch\u00e4tzte Lesezeit":"2\u00a0Minuten"},"schema":{"@context":"https:\/\/schema.org","@graph":[{"@type":"WebPage","@id":"https:\/\/www.iglou.world\/de\/testimonialy\/","url":"https:\/\/www.iglou.world\/de\/testimonialy\/","name":"Referenzen - Iglou","isPartOf":{"@id":"https:\/\/www.iglou.fr\/fr\/#website"},"datePublished":"2021-03-17T11:22:41+00:00","dateModified":"2021-05-29T10:11:48+00:00","breadcrumb":{"@id":"https:\/\/www.iglou.world\/de\/testimonialy\/#breadcrumb"},"inLanguage":"de","potentialAction":[{"@type":"ReadAction","target":["https:\/\/www.iglou.world\/de\/testimonialy\/"]}]},{"@type":"BreadcrumbList","@id":"https:\/\/www.iglou.world\/de\/testimonialy\/#breadcrumb","itemListElement":[{"@type":"ListItem","position":1,"name":"Dom\u016f","item":"https:\/\/www.iglou.world\/de\/"},{"@type":"ListItem","position":2,"name":"Referenzen"}]},{"@type":"WebSite","@id":"https:\/\/www.iglou.fr\/fr\/#website","url":"https:\/\/www.iglou.fr\/fr\/","name":"Iglou","description":"","publisher":{"@id":"https:\/\/www.iglou.fr\/fr\/#organization"},"potentialAction":[{"@type":"SearchAction","target":{"@type":"EntryPoint","urlTemplate":"https:\/\/www.iglou.fr\/fr\/?s={search_term_string}"},"query-input":"required name=search_term_string"}],"inLanguage":"de"},{"@type":"Organization","@id":"https:\/\/www.iglou.fr\/fr\/#organization","name":"Iglou","url":"https:\/\/www.iglou.fr\/fr\/","logo":{"@type":"ImageObject","inLanguage":"de","@id":"https:\/\/www.iglou.fr\/fr\/#\/schema\/logo\/image\/","url":"https:\/\/www.iglou.world\/wp-content\/uploads\/2021\/03\/logo-iglou.svg","contentUrl":"https:\/\/www.iglou.world\/wp-content\/uploads\/2021\/03\/logo-iglou.svg","width":156,"height":94,"caption":"Iglou"},"image":{"@id":"https:\/\/www.iglou.fr\/fr\/#\/schema\/logo\/image\/"}}]}},"_links":{"self":[{"href":"https:\/\/www.iglou.world\/de\/wp-json\/wp\/v2\/pages\/1805","targetHints":{"allow":["GET"]}}],"collection":[{"href":"https:\/\/www.iglou.world\/de\/wp-json\/wp\/v2\/pages"}],"about":[{"href":"https:\/\/www.iglou.world\/de\/wp-json\/wp\/v2\/types\/page"}],"author":[{"embeddable":true,"href":"https:\/\/www.iglou.world\/de\/wp-json\/wp\/v2\/users\/1"}],"replies":[{"embeddable":true,"href":"https:\/\/www.iglou.world\/de\/wp-json\/wp\/v2\/comments?post=1805"}],"version-history":[{"count":15,"href":"https:\/\/www.iglou.world\/de\/wp-json\/wp\/v2\/pages\/1805\/revisions"}],"predecessor-version":[{"id":3186,"href":"https:\/\/www.iglou.world\/de\/wp-json\/wp\/v2\/pages\/1805\/revisions\/3186"}],"wp:attachment":[{"href":"https:\/\/www.iglou.world\/de\/wp-json\/wp\/v2\/media?parent=1805"}],"curies":[{"name":"wp","href":"https:\/\/api.w.org\/{rel}","templated":true}]}}