{"id":1795,"date":"2021-03-16T12:46:59","date_gmt":"2021-03-16T11:46:59","guid":{"rendered":"https:\/\/www.iglou.cz\/faq\/"},"modified":"2023-12-06T18:32:59","modified_gmt":"2023-12-06T17:32:59","slug":"faq","status":"publish","type":"page","link":"https:\/\/www.iglou.world\/de\/faq\/","title":{"rendered":"FAQ"},"content":{"rendered":"<p><a href=\"https:\/\/www.iglou.cz\/de\/\" role=\"button\"><br \/>\n\t\t\t\t\t\tzur\u00fcck<br \/>\n\t\t\t\t\t<\/a><\/p>\n<h1>FAQ<\/h1>\n<h2>F:Wie kann ich ein Iglou bekommen?<\/h2>\n<p>A:Wir verkaufen Iglou nur an Wohlt\u00e4tigkeitsorganisationen und Stadtr\u00e4te, die es dann f\u00fcr die Winterperiode an Obdachlose ausleihen, die aus verschiedenen Gr\u00fcnden nicht in Nachtunterk\u00fcnften schlafen. Wenn Sie f\u00fcr eine dieser Organisationen arbeiten, kontaktieren Sie uns bitte unter <a href=\"mailto:info@iglou.cz\">info@iglou.cz<\/a><\/p>\n<p>Wenn Sie nicht Teil einer dieser Organisationen sind, z\u00f6gern Sie nicht, den Wohlt\u00e4tigkeitsorganisationen in Ihrer Umgebung ein Wort \u00fcber Iglou zu geben \ud83d\ude42<\/p>\n<h2>F: Ich bin eine gutwillige Person. \u201eKann ich einem Iglou bestellen,  um es einer Person zu geben, die ich kenne?\u201c<\/h2>\n<p>A: F\u00fcr die Best Practices bei der Identifizierung, Verteilung und Nachverfolgung k\u00f6nnen wir nur registrierten NPO oder Stadtr\u00e4ten eine EIGENE zur Verf\u00fcgung stellen.<\/p>\n<h2>F: Was kostet ein Iglou?<\/h2>\n<p>A: Iglou gibt es in 2 verschiedenen Modellen:<\/p>\n<p>&nbsp; <br \/>&#8211; Iglou f\u00fcr 1 Person (2m x 1m)<\/p>\n<p>&#8211; Iglou f\u00fcr 2 Personen (2m x 1,2m)<\/p>\n<p>Wenn Sie eine Wohlt\u00e4tigkeitsorganisation oder eine Gemeinde sind, kontaktieren Sie uns f\u00fcr die Preise von Iglou.<\/p>\n<p>Die Transportkosten h\u00e4ngen von der bestellten Menge und der Lieferadresse ab.<\/p>\n<h2>F: Ich lebe nicht in Europa, Kanada oder den USA, aber ich m\u00f6chte helfen, die Iglous in mein Land zu bringen!<\/h2>\n<p>A: Wir verkaufen Iglou direkt in Europa, Kanada und den USA. In anderen L\u00e4ndern suchen wir Menschen, die das Iglou-Projekt vor Ort durchf\u00fchren k\u00f6nnen. Wir geben die Pl\u00e4ne und Methoden kostenlos an Personen weiter, von denen wir glauben, dass sie f\u00fcr die Durchf\u00fchrung des Projekts in ihrem Land zuverl\u00e4ssig sind. Senden Sie uns einfach hier einen Lebenslauf: <a href=\"mailto:info@iglou.cz\">info@iglou.cz<\/a><\/p>\n","protected":false},"excerpt":{"rendered":"<p>zur\u00fcck FAQ F:Wie kann ich ein Iglou bekommen? A:Wir verkaufen Iglou nur an Wohlt\u00e4tigkeitsorganisationen und Stadtr\u00e4te, die es dann f\u00fcr die Winterperiode an Obdachlose ausleihen, die aus verschiedenen Gr\u00fcnden nicht in Nachtunterk\u00fcnften schlafen&#8230;.<\/p>\n","protected":false},"author":1,"featured_media":0,"parent":0,"menu_order":0,"comment_status":"closed","ping_status":"closed","template":"","meta":{"inline_featured_image":false,"footnotes":""},"class_list":["post-1795","page","type-page","status-publish","hentry"],"acf":[],"yoast_head":"<!-- This site is optimized with the Yoast SEO plugin v20.1 - https:\/\/yoast.com\/wordpress\/plugins\/seo\/ -->\n<title>Iglou - FAQ<\/title>\n<meta name=\"description\" content=\"Iglou ist eine Notfallunterkunft f\u00fcr Obdachlose, die aus verschiedenen Gr\u00fcnden keine Nachtunterk\u00fcnfte aufsuchen k\u00f6nnen. Es verhindert Unterk\u00fchlung, Frostbeulen und Erfrierungen.\" \/>\n<meta name=\"robots\" content=\"index, follow, max-snippet:-1, max-image-preview:large, max-video-preview:-1\" \/>\n<link rel=\"canonical\" href=\"https:\/\/www.iglou.world\/de\/faq\/\" \/>\n<meta property=\"og:locale\" content=\"de_DE\" \/>\n<meta property=\"og:type\" content=\"article\" \/>\n<meta property=\"og:title\" content=\"Iglou - FAQ\" \/>\n<meta property=\"og:description\" content=\"Iglou ist eine Notfallunterkunft f\u00fcr Obdachlose, die aus verschiedenen Gr\u00fcnden keine Nachtunterk\u00fcnfte aufsuchen k\u00f6nnen. Es verhindert Unterk\u00fchlung, Frostbeulen und Erfrierungen.\" \/>\n<meta property=\"og:url\" content=\"https:\/\/www.iglou.world\/de\/faq\/\" \/>\n<meta property=\"og:site_name\" content=\"Iglou\" \/>\n<meta property=\"article:modified_time\" content=\"2023-12-06T17:32:59+00:00\" \/>\n<meta name=\"twitter:card\" content=\"summary_large_image\" \/>\n<meta name=\"twitter:label1\" content=\"Gesch\u00e4tzte Lesezeit\" \/>\n\t<meta name=\"twitter:data1\" content=\"2\u00a0Minuten\" \/>\n<script type=\"application\/ld+json\" class=\"yoast-schema-graph\">{\"@context\":\"https:\/\/schema.org\",\"@graph\":[{\"@type\":\"WebPage\",\"@id\":\"https:\/\/www.iglou.world\/de\/faq\/\",\"url\":\"https:\/\/www.iglou.world\/de\/faq\/\",\"name\":\"Iglou - FAQ\",\"isPartOf\":{\"@id\":\"https:\/\/www.iglou.world\/de\/#website\"},\"datePublished\":\"2021-03-16T11:46:59+00:00\",\"dateModified\":\"2023-12-06T17:32:59+00:00\",\"description\":\"Iglou ist eine Notfallunterkunft f\u00fcr Obdachlose, die aus verschiedenen Gr\u00fcnden keine Nachtunterk\u00fcnfte aufsuchen k\u00f6nnen. Es verhindert Unterk\u00fchlung, Frostbeulen und Erfrierungen.\",\"breadcrumb\":{\"@id\":\"https:\/\/www.iglou.world\/de\/faq\/#breadcrumb\"},\"inLanguage\":\"de\",\"potentialAction\":[{\"@type\":\"ReadAction\",\"target\":[\"https:\/\/www.iglou.world\/de\/faq\/\"]}]},{\"@type\":\"BreadcrumbList\",\"@id\":\"https:\/\/www.iglou.world\/de\/faq\/#breadcrumb\",\"itemListElement\":[{\"@type\":\"ListItem\",\"position\":1,\"name\":\"Dom\u016f\",\"item\":\"https:\/\/www.iglou.world\/de\/\"},{\"@type\":\"ListItem\",\"position\":2,\"name\":\"FAQ\"}]},{\"@type\":\"WebSite\",\"@id\":\"https:\/\/www.iglou.world\/de\/#website\",\"url\":\"https:\/\/www.iglou.world\/de\/\",\"name\":\"Iglou\",\"description\":\"\",\"publisher\":{\"@id\":\"https:\/\/www.iglou.world\/de\/#organization\"},\"potentialAction\":[{\"@type\":\"SearchAction\",\"target\":{\"@type\":\"EntryPoint\",\"urlTemplate\":\"https:\/\/www.iglou.world\/de\/?s={search_term_string}\"},\"query-input\":\"required name=search_term_string\"}],\"inLanguage\":\"de\"},{\"@type\":\"Organization\",\"@id\":\"https:\/\/www.iglou.world\/de\/#organization\",\"name\":\"Iglou\",\"url\":\"https:\/\/www.iglou.world\/de\/\",\"logo\":{\"@type\":\"ImageObject\",\"inLanguage\":\"de\",\"@id\":\"https:\/\/www.iglou.world\/de\/#\/schema\/logo\/image\/\",\"url\":\"https:\/\/www.iglou.world\/wp-content\/uploads\/2021\/03\/logo-iglou.svg\",\"contentUrl\":\"https:\/\/www.iglou.world\/wp-content\/uploads\/2021\/03\/logo-iglou.svg\",\"width\":156,\"height\":94,\"caption\":\"Iglou\"},\"image\":{\"@id\":\"https:\/\/www.iglou.world\/de\/#\/schema\/logo\/image\/\"}}]}<\/script>\n<!-- \/ Yoast SEO plugin. -->","yoast_head_json":{"title":"Iglou - FAQ","description":"Iglou ist eine Notfallunterkunft f\u00fcr Obdachlose, die aus verschiedenen Gr\u00fcnden keine Nachtunterk\u00fcnfte aufsuchen k\u00f6nnen. Es verhindert Unterk\u00fchlung, Frostbeulen und Erfrierungen.","robots":{"index":"index","follow":"follow","max-snippet":"max-snippet:-1","max-image-preview":"max-image-preview:large","max-video-preview":"max-video-preview:-1"},"canonical":"https:\/\/www.iglou.world\/de\/faq\/","og_locale":"de_DE","og_type":"article","og_title":"Iglou - FAQ","og_description":"Iglou ist eine Notfallunterkunft f\u00fcr Obdachlose, die aus verschiedenen Gr\u00fcnden keine Nachtunterk\u00fcnfte aufsuchen k\u00f6nnen. Es verhindert Unterk\u00fchlung, Frostbeulen und Erfrierungen.","og_url":"https:\/\/www.iglou.world\/de\/faq\/","og_site_name":"Iglou","article_modified_time":"2023-12-06T17:32:59+00:00","twitter_card":"summary_large_image","twitter_misc":{"Gesch\u00e4tzte Lesezeit":"2\u00a0Minuten"},"schema":{"@context":"https:\/\/schema.org","@graph":[{"@type":"WebPage","@id":"https:\/\/www.iglou.world\/de\/faq\/","url":"https:\/\/www.iglou.world\/de\/faq\/","name":"Iglou - FAQ","isPartOf":{"@id":"https:\/\/www.iglou.world\/de\/#website"},"datePublished":"2021-03-16T11:46:59+00:00","dateModified":"2023-12-06T17:32:59+00:00","description":"Iglou ist eine Notfallunterkunft f\u00fcr Obdachlose, die aus verschiedenen Gr\u00fcnden keine Nachtunterk\u00fcnfte aufsuchen k\u00f6nnen. Es verhindert Unterk\u00fchlung, Frostbeulen und Erfrierungen.","breadcrumb":{"@id":"https:\/\/www.iglou.world\/de\/faq\/#breadcrumb"},"inLanguage":"de","potentialAction":[{"@type":"ReadAction","target":["https:\/\/www.iglou.world\/de\/faq\/"]}]},{"@type":"BreadcrumbList","@id":"https:\/\/www.iglou.world\/de\/faq\/#breadcrumb","itemListElement":[{"@type":"ListItem","position":1,"name":"Dom\u016f","item":"https:\/\/www.iglou.world\/de\/"},{"@type":"ListItem","position":2,"name":"FAQ"}]},{"@type":"WebSite","@id":"https:\/\/www.iglou.world\/de\/#website","url":"https:\/\/www.iglou.world\/de\/","name":"Iglou","description":"","publisher":{"@id":"https:\/\/www.iglou.world\/de\/#organization"},"potentialAction":[{"@type":"SearchAction","target":{"@type":"EntryPoint","urlTemplate":"https:\/\/www.iglou.world\/de\/?s={search_term_string}"},"query-input":"required name=search_term_string"}],"inLanguage":"de"},{"@type":"Organization","@id":"https:\/\/www.iglou.world\/de\/#organization","name":"Iglou","url":"https:\/\/www.iglou.world\/de\/","logo":{"@type":"ImageObject","inLanguage":"de","@id":"https:\/\/www.iglou.world\/de\/#\/schema\/logo\/image\/","url":"https:\/\/www.iglou.world\/wp-content\/uploads\/2021\/03\/logo-iglou.svg","contentUrl":"https:\/\/www.iglou.world\/wp-content\/uploads\/2021\/03\/logo-iglou.svg","width":156,"height":94,"caption":"Iglou"},"image":{"@id":"https:\/\/www.iglou.world\/de\/#\/schema\/logo\/image\/"}}]}},"_links":{"self":[{"href":"https:\/\/www.iglou.world\/de\/wp-json\/wp\/v2\/pages\/1795","targetHints":{"allow":["GET"]}}],"collection":[{"href":"https:\/\/www.iglou.world\/de\/wp-json\/wp\/v2\/pages"}],"about":[{"href":"https:\/\/www.iglou.world\/de\/wp-json\/wp\/v2\/types\/page"}],"author":[{"embeddable":true,"href":"https:\/\/www.iglou.world\/de\/wp-json\/wp\/v2\/users\/1"}],"replies":[{"embeddable":true,"href":"https:\/\/www.iglou.world\/de\/wp-json\/wp\/v2\/comments?post=1795"}],"version-history":[{"count":20,"href":"https:\/\/www.iglou.world\/de\/wp-json\/wp\/v2\/pages\/1795\/revisions"}],"predecessor-version":[{"id":4118,"href":"https:\/\/www.iglou.world\/de\/wp-json\/wp\/v2\/pages\/1795\/revisions\/4118"}],"wp:attachment":[{"href":"https:\/\/www.iglou.world\/de\/wp-json\/wp\/v2\/media?parent=1795"}],"curies":[{"name":"wp","href":"https:\/\/api.w.org\/{rel}","templated":true}]}}